{"id":10,"date":"2025-05-12T14:28:07","date_gmt":"2025-05-12T06:28:07","guid":{"rendered":"http:\/\/www.viadomeio.com\/?page_id=10"},"modified":"2025-09-03T14:39:46","modified_gmt":"2025-09-03T06:39:46","slug":"%e9%a6%96%e9%a0%81","status":"publish","type":"page","link":"https:\/\/www.viadomeio.com\/","title":{"rendered":"\u9996\u9801"},"content":{"rendered":"<p>[vc_row css=&#8221;.vc_custom_1747104020331{background-position: center !important;background-repeat: no-repeat !important;background-size: cover !important;}&#8221;][vc_column][vc_raw_html]JTVCc2xpZGUtYW55dGhpbmclMjBpZCUzRCUyNzEyNCUyNyU1RA==[\/vc_raw_html][\/vc_column][\/vc_row][vc_row css=&#8221;.vc_custom_1747036671934{background-image: url(http:\/\/www.viadomeio.com\/wp-content\/uploads\/2025\/05\/3.png?id=16) !important;}&#8221;][vc_column][vc_empty_space height=&#8221;50px&#8221;][\/vc_column][\/vc_row][vc_row el_class=&#8221;module3&#8243;][vc_column width=&#8221;1\/2&#8243; el_class=&#8221;left&#8221;][vc_row_inner][vc_column_inner el_class=&#8221;leftsub&#8221; width=&#8221;5\/6&#8243;][vc_column_text]<\/p>\n<p style=\"text-align: right; font-family: 'Times-Web', Times New Roman, 'Helvetica Neue', sans-serif;\"><strong>INVERNO DE 2024<\/strong><\/p>\n<p>[\/vc_column_text][\/vc_column_inner][vc_column_inner width=&#8221;1\/6&#8243;][\/vc_column_inner][\/vc_row_inner][vc_single_image image=&#8221;17&#8243; img_size=&#8221;full&#8221; onclick=&#8221;custom_link&#8221; link=&#8221;https:\/\/www.viadomeio.com\/index.php\/2025\/08\/18\/via-do-meio-8-digital\/&#8221;][vc_empty_space height=&#8221;20px&#8221;][vc_column_text el_class=&#8221;lefttext&#8221;]<strong>PENSAMENTO<\/strong><br \/>\n<strong>A quest\u00e3o da verdade na filosofia chinesa<\/strong><br \/>\n<strong>LI CHENYANG<\/strong><\/p>\n<p><strong>CONFUCIONISMO<\/strong><br \/>\n<strong>Os Cl\u00e1ssicos Confucianos<\/strong><br \/>\n<strong>ANDR\u00c9 LEVY<\/strong><\/p>\n<p><strong>Os alicerces<\/strong><br \/>\n<strong>Moral, indiv\u00edduo e criatividade<\/strong><br \/>\n<strong>A fragilidade dos ritos<\/strong><br \/>\n<strong>CARLOS MORAIS JOS\u00c9<\/strong><\/p>\n<p><strong>ETNOLOGIA<\/strong><br \/>\n<strong>Nushu, escrita de mulheres<\/strong><br \/>\n<strong>MIGUEL LENOIR<\/strong><\/p>\n<p><strong>RELIGI\u00c3O<\/strong><br \/>\n<strong>\u00c1rvores Sagradas<\/strong><br \/>\n<strong>JOS\u00c9 SIM\u00d5ES MORAIS<\/strong><\/p>\n<p><strong>A Vida e a Morte no Taoismo e no Budismo tibetano<\/strong><br \/>\n<strong>ANA CRISTINA ALVES<\/strong><\/p>\n<p><strong>HIST\u00d3RIA<\/strong><br \/>\n<strong>A moda das cal\u00e7as rasgadas<\/strong><br \/>\n<strong>JOS\u00c9 SIM\u00d5ES MORAIS<\/strong><\/p>\n<p><strong>Uma imperatriz chamada Maria<\/strong><br \/>\n<strong>PAULO MAIA E CARMO<\/strong><\/p>\n<p><strong>Nomes chineses de Macau<\/strong><br \/>\n<strong>ANA CRISTINA ALVES<\/strong><\/p>\n<p><strong>ARTES<\/strong><br \/>\n<strong>Shitao e o tra\u00e7o do pincel<\/strong><br \/>\n<strong>PAULO MAIA E CARMO<\/strong><\/p>\n<p><strong>A arte da caligrafia chinesa<\/strong><br \/>\n<strong>CL\u00c1UDIA RIBEIRO<\/strong>[\/vc_column_text][vc_empty_space height=&#8221;20px&#8221;][vc_btn title=&#8221;Read More&#8221; style=&#8221;custom&#8221; custom_text=&#8221;#000000&#8243; align=&#8221;left&#8221; link=&#8221;url:https%3A%2F%2Fwww.viadomeio.com%2Findex.php%2Felectronic_journal%2F|title:Electronic%20journal&#8221;][\/vc_column][vc_column width=&#8221;1\/2&#8243; el_class=&#8221;right&#8221;][vc_empty_space height=&#8221;20px&#8221;][vc_row_inner el_class=&#8221;rmodule&#8221;][vc_column_inner][vc_column_text]<div class=\"pt-cv-wrapper\"><div class=\"pt-cv-view pt-cv-grid pt-cv-colsys\" id=\"pt-cv-view-3801ad0aok\"><div data-id=\"pt-cv-page-1\" class=\"pt-cv-page\" data-cvc=\"2\"><div class=\"col-md-6 col-sm-6 col-xs-12 pt-cv-content-item pt-cv-1-col\" ><div class='pt-cv-ifield'><a href=\"https:\/\/www.viadomeio.com\/index.php\/2025\/10\/22\/a-estrategia-do-pintor-de-acordo-com-su-shi\/\" class=\"_self pt-cv-href-thumbnail pt-cv-thumb-default\" target=\"_self\" ><img loading=\"lazy\" decoding=\"async\" width=\"300\" height=\"153\" src=\"https:\/\/www.viadomeio.com\/wp-content\/uploads\/2025\/10\/92-sushi-300x153.jpg\" class=\"pt-cv-thumbnail\" alt=\"\" srcset=\"https:\/\/www.viadomeio.com\/wp-content\/uploads\/2025\/10\/92-sushi-300x153.jpg 300w, https:\/\/www.viadomeio.com\/wp-content\/uploads\/2025\/10\/92-sushi-1024x521.jpg 1024w, https:\/\/www.viadomeio.com\/wp-content\/uploads\/2025\/10\/92-sushi-768x391.jpg 768w, https:\/\/www.viadomeio.com\/wp-content\/uploads\/2025\/10\/92-sushi.jpg 1180w\" sizes=\"auto, (max-width: 300px) 100vw, 300px\" \/><\/a>\n<div class=\"pt-cv-taxoterm above_title\"><a href='https:\/\/www.viadomeio.com\/index.php\/category\/pintura\/' title='PINTURA' class='pt-cv-tax-pintura'>PINTURA<\/a><\/div>\n<h1 class=\"pt-cv-title\"><a href=\"https:\/\/www.viadomeio.com\/index.php\/2025\/10\/22\/a-estrategia-do-pintor-de-acordo-com-su-shi\/\" class=\"_self\" target=\"_self\" >A estrat\u00e9gia do pintor de acordo com Su Shi<\/a><\/h1>\n<div class=\"pt-cv-meta-fields\"><span class=\"author\"> <a href=\"https:\/\/www.viadomeio.com\/index.php\/author\/paulo-maia-e-carmo\/\" rel=\"author\">Paulo Maia e Carmo<\/a><\/span><\/div><\/div><\/div>\n<div class=\"col-md-6 col-sm-6 col-xs-12 pt-cv-content-item pt-cv-1-col\" ><div class='pt-cv-ifield'><a href=\"https:\/\/www.viadomeio.com\/index.php\/2025\/10\/22\/uma-perspectiva-filosofica-sobre-a-nova-rota-maritima-da-seda-e-o-principio-da-conectividade\/\" class=\"_self pt-cv-href-thumbnail pt-cv-thumb-default\" target=\"_self\" ><img loading=\"lazy\" decoding=\"async\" width=\"300\" height=\"297\" src=\"https:\/\/www.viadomeio.com\/wp-content\/uploads\/2025\/10\/52-mw-1200outputFormatjpeg-300x297.jpg\" class=\"pt-cv-thumbnail\" alt=\"\" srcset=\"https:\/\/www.viadomeio.com\/wp-content\/uploads\/2025\/10\/52-mw-1200outputFormatjpeg-300x297.jpg 300w, https:\/\/www.viadomeio.com\/wp-content\/uploads\/2025\/10\/52-mw-1200outputFormatjpeg-150x150.jpg 150w, https:\/\/www.viadomeio.com\/wp-content\/uploads\/2025\/10\/52-mw-1200outputFormatjpeg.jpg 606w\" sizes=\"auto, (max-width: 300px) 100vw, 300px\" \/><\/a>\n<div class=\"pt-cv-taxoterm above_title\"><a href='https:\/\/www.viadomeio.com\/index.php\/category\/pensamento\/' title='PENSAMENTO' class='pt-cv-tax-pensamento'>PENSAMENTO<\/a><\/div>\n<h1 class=\"pt-cv-title\"><a href=\"https:\/\/www.viadomeio.com\/index.php\/2025\/10\/22\/uma-perspectiva-filosofica-sobre-a-nova-rota-maritima-da-seda-e-o-principio-da-conectividade\/\" class=\"_self\" target=\"_self\" >Uma Perspectiva Filos\u00f3fica sobre a Nova Rota Mar\u00edtima da Seda e o Princ\u00edpio da Conectividade<\/a><\/h1>\n<div class=\"pt-cv-meta-fields\"><span class=\"author\"> <a href=\"https:\/\/www.viadomeio.com\/index.php\/author\/ana-cristina-alves\/\" rel=\"author\">Ana Cristina Alves<\/a><\/span><\/div><\/div><\/div>\n<div class=\"col-md-6 col-sm-6 col-xs-12 pt-cv-content-item pt-cv-1-col\" ><div class='pt-cv-ifield'><a href=\"https:\/\/www.viadomeio.com\/index.php\/2025\/10\/22\/as-funcoes-de-%e6%96%87-wen-na-cultura-chinesa-tradicional-uma-analise-mediologica\/\" class=\"_self pt-cv-href-thumbnail pt-cv-thumb-default\" target=\"_self\" ><img loading=\"lazy\" decoding=\"async\" width=\"160\" height=\"300\" src=\"https:\/\/www.viadomeio.com\/wp-content\/uploads\/2025\/10\/38-Wang-Dongling-\u738b\u51ac\u9f84-Primordial-Line-\u4e00\u753b-2013-160x300.jpg\" class=\"pt-cv-thumbnail\" alt=\"\" srcset=\"https:\/\/www.viadomeio.com\/wp-content\/uploads\/2025\/10\/38-Wang-Dongling-\u738b\u51ac\u9f84-Primordial-Line-\u4e00\u753b-2013-160x300.jpg 160w, https:\/\/www.viadomeio.com\/wp-content\/uploads\/2025\/10\/38-Wang-Dongling-\u738b\u51ac\u9f84-Primordial-Line-\u4e00\u753b-2013.jpg 320w\" sizes=\"auto, (max-width: 160px) 100vw, 160px\" \/><\/a>\n<div class=\"pt-cv-taxoterm above_title\"><a href='https:\/\/www.viadomeio.com\/index.php\/category\/pensamento\/' title='PENSAMENTO' class='pt-cv-tax-pensamento'>PENSAMENTO<\/a><\/div>\n<h1 class=\"pt-cv-title\"><a href=\"https:\/\/www.viadomeio.com\/index.php\/2025\/10\/22\/as-funcoes-de-%e6%96%87-wen-na-cultura-chinesa-tradicional-uma-analise-mediologica\/\" class=\"_self\" target=\"_self\" >As fun\u00e7\u00f5es de \u6587 (Wen) na cultura chinesa tradicional: uma an\u00e1lise mediol\u00f3gica<\/a><\/h1>\n<div class=\"pt-cv-meta-fields\"><span class=\"author\"> <a href=\"https:\/\/www.viadomeio.com\/index.php\/author\/giorgio-sinedino\/\" rel=\"author\">Giorgio Sinedino<\/a><\/span><\/div><\/div><\/div>\n<div class=\"col-md-6 col-sm-6 col-xs-12 pt-cv-content-item pt-cv-1-col\" ><div class='pt-cv-ifield'><a href=\"https:\/\/www.viadomeio.com\/index.php\/2025\/10\/22\/qing-como-fundamento-da-etica-naturalista-de-xun-zi\/\" class=\"_self pt-cv-href-thumbnail pt-cv-thumb-default\" target=\"_self\" ><img loading=\"lazy\" decoding=\"async\" width=\"300\" height=\"175\" src=\"https:\/\/www.viadomeio.com\/wp-content\/uploads\/2025\/10\/27-famous-chinese-artists-300x175.jpg\" class=\"pt-cv-thumbnail\" alt=\"\" srcset=\"https:\/\/www.viadomeio.com\/wp-content\/uploads\/2025\/10\/27-famous-chinese-artists-300x175.jpg 300w, https:\/\/www.viadomeio.com\/wp-content\/uploads\/2025\/10\/27-famous-chinese-artists-1024x597.jpg 1024w, https:\/\/www.viadomeio.com\/wp-content\/uploads\/2025\/10\/27-famous-chinese-artists-768x448.jpg 768w, https:\/\/www.viadomeio.com\/wp-content\/uploads\/2025\/10\/27-famous-chinese-artists.jpg 1029w\" sizes=\"auto, (max-width: 300px) 100vw, 300px\" \/><\/a>\n<div class=\"pt-cv-taxoterm above_title\"><a href='https:\/\/www.viadomeio.com\/index.php\/category\/pensamento\/' title='PENSAMENTO' class='pt-cv-tax-pensamento'>PENSAMENTO<\/a><\/div>\n<h1 class=\"pt-cv-title\"><a href=\"https:\/\/www.viadomeio.com\/index.php\/2025\/10\/22\/qing-como-fundamento-da-etica-naturalista-de-xun-zi\/\" class=\"_self\" target=\"_self\" >Qing como fundamento da \u00e9tica naturalista de Xun Zi<\/a><\/h1>\n<div class=\"pt-cv-meta-fields\"><span class=\"author\"> <a href=\"https:\/\/www.viadomeio.com\/index.php\/author\/li-chenyang\/\" rel=\"author\">Li Chenyang<\/a><\/span><\/div><\/div><\/div><\/div><\/div><\/div>[\/vc_column_text][\/vc_column_inner][\/vc_row_inner][\/vc_column][\/vc_row][vc_row][vc_column][vc_raw_html]JTNDc3R5bGUlMjB0eXBlJTNEJTIydGV4dCUyRmNzcyUyMiUzRSUwQSUyRiUyQSUyMCVFNSU5RiVCQSVFNyVBMSU4MCVFNSVBMyVCMCVFNiU5OCU4RSUyMCUyQSUyRiUwQSU0MGZvbnQtZmFjZSUyMCU3QiUwQSUyMCUyMGZvbnQtZmFtaWx5JTNBJTIwJTI3QVJJQUxCRC1DdXN0b20lMjclM0IlMEElMjAlMjBzcmMlM0ElMjBsb2NhbCUyOCUyN0FyaWFsJTI3JTI5JTJDJTBBJTIwJTIwdXJsJTI4JTI3LiUyRmFzc2V0cyUyRmZvbnRzJTJGQVJJQUxCRC5UVEYlMjclMjklMjBmb3JtYXQlMjglMjd0cnVldHlwZSUyNyUyOSUzQiUwQSUyMCUyMGZvbnQtd2VpZ2h0JTNBJTIwNDAwJTNCJTBBJTIwJTIwZm9udC1zdHlsZSUzQSUyMG5vcm1hbCUzQiUwQSUyMCUyMGZvbnQtZGlzcGxheSUzQSUyMHN3YXAlM0IlMjAlMjAlMkYlMkElMjAlRTklODElQkYlRTUlODUlOERGT0lUJUU5JTk3JUFFJUU5JUEyJTk4JTIwJTJBJTJGJTBBJTdEJTBBJTJGJTJBJTIwVGltZXMlMjBOZXclMjBSb21hbiVFNSVBMyVCMCVFNiU5OCU4RSUyMCUyQSUyRiUwQSU0MGZvbnQtZmFjZSUyMCU3QiUwQSUyMCUyMGZvbnQtZmFtaWx5JTNBJTIwJTI3VGltZXMtV2ViJTI3JTNCJTBBJTIwJTIwc3JjJTNBJTIwbG9jYWwlMjglMjdUaW1lcyUyME5ldyUyMFJvbWFuJTI3JTI5JTJDJTBBJTIwJTIwJTIwJTIwJTIwJTIwJTIwdXJsJTI4JTI3LiUyRmFzc2V0cyUyRmZvbnRzJTJGVGltZXMlMjBOZXclMjBSb21hbi5mb24lMjclMjklMjBmb3JtYXQlMjglMjd0cnVldHlwZSUyNyUyOSUzQiUwQSUyMCUyMGZvbnQtd2VpZ2h0JTNBJTIwNDAwJTNCJTBBJTIwJTIwZm9udC1zdHlsZSUzQSUyMG5vcm1hbCUzQiUwQSUyMCUyMGZvbnQtZGlzcGxheSUzQSUyMHN3YXAlM0IlMjAlMjAlMkYlMkElMjAlRTklODElQkYlRTUlODUlOERGT0lUJUU5JTk3JUFFJUU5JUEyJTk4JTIwJTJBJTJGJTBBJTdEJTBBYm9keSUyMCU3QiUwQSUyMCUyMCUyMCUyRiUyQWZvbnQtZmFtaWx5JTNBJTIwJTI3QVJJQUxCRC1DdXN0b20lMjclMkMlMjBBUklBTEJEJTJDJTIwJTIySGVsdmV0aWNhJTIwTmV1ZSUyMiUyQyUyMHNhbnMtc2VyaWYlM0IlMkElMkYlMEElN0QlMEElMjNzaXRlLWNvbnRlbnQlMjAlN0IlMEElMjAlMjAlMjAlMjBwYWRkaW5nLXRvcCUzQTAlM0IlMEElN0QlMEEud3BiX2NvbnRlbnRfZWxlbWVudCU3QiUwQSUyMCUyMCUyMCUyMG1hcmdpbi1ib3R0b20lM0EwcHglM0IlMEElN0QlMEEudmNfY29sLWhhcy1maWxsJTNFLnZjX2NvbHVtbi1pbm5lciUyQyUyMC52Y19yb3ctaGFzLWZpbGwlMkIudmNfcm93LWZ1bGwtd2lkdGglMkIudmNfcm93JTNFLnZjX2NvbHVtbl9jb250YWluZXIlM0UudmNfY29sdW1uLWlubmVyJTJDJTIwLnZjX3Jvdy1oYXMtZmlsbCUyQi52Y19yb3clM0UudmNfY29sdW1uX2NvbnRhaW5lciUzRS52Y19jb2x1bW4taW5uZXIlMkMlMjAudmNfcm93LWhhcy1maWxsJTNFLnZjX2NvbHVtbl9jb250YWluZXIlM0UudmNfY29sdW1uLWlubmVyJTdCJTBBJTIwJTIwJTIwJTIwcGFkZGluZy10b3AlM0EwJTNCJTBBJTdEJTBBLnZjX25vbl9yZXNwb25zaXZlJTIwLnZjX3JvdyUyMC52Y19jb2wtc20tMTIlMjAlN0IlMEElMjAlMjAlMjAlMjBwYWRkaW5nLWxlZnQlM0ElMjAwJTNCJTBBJTIwJTIwJTIwJTIwcGFkZGluZy1yaWdodCUzQSUyMDAlM0IlMEElN0QlMEEudmNfY29sdW1uX2NvbnRhaW5lciUzRS52Y19jb2x1bW4taW5uZXIlMjAlN0IlMEElMjAlMjAlMjAlMjBwYWRkaW5nLWxlZnQlM0ElMjAwJTNCJTBBJTIwJTIwJTIwJTIwcGFkZGluZy1yaWdodCUzQSUyMDAlM0IlMEElN0QlMEElMjNzYW1wbGVfc2xpZGVyX3NsaWRlMDElN0IlMEElMjAlMjAlMjAlMjBhbGlnbi1jb250ZW50JTNBJTIwZW5kJTNCJTBBJTdEJTBBLnZjX3Jvdy1oYXMtZmlsbCU3QiUwQSUyMCUyMCUyMCUyMG1hcmdpbi1ib3R0b20lM0ElMjAwcHglM0IlMEElMjAlMjAlMjAlMjBtYXJnaW4tdG9wJTNBJTIwMHB4JTNCJTBBJTdEJTBBLmxlZnQlMkMucmlnaHQlN0IlMEElMjAlMjAlMjAlMjBwYWRkaW5nLWxlZnQlM0EwJTIxaW1wb3J0YW50JTNCJTBBJTIwJTIwJTIwJTIwcGFkZGluZy1yaWdodCUzQTAlMjFpbXBvcnRhbnQlM0IlMEElN0QlMEEubGVmdHN1YiU3QiUwQSUyMCUyMCUyMCUyMHBhZGRpbmctcmlnaHQlM0EwJTIxaW1wb3J0YW50JTNCJTBBJTdEJTBBLmxlZnQlMjBpbWclN0IlMEElMjAlMjAlMjAlMjB3aWR0aCUzQTYwMHB4JTIxaW1wb3J0YW50JTNCJTBBJTdEJTBBLmxlZnQlMjAubGVmdHRleHQlMjBwJTdCJTBBJTIwJTIwJTIwJTIwZm9udC1zaXplJTNBJTIwMTVweCUzQiUwQSUyMCUyMCUyMCUyMGxldHRlci1zcGFjaW5nJTNBJTIwMHB4JTNCJTBBJTdEJTBBLnJpZ2h0JTIwaW1nJTdCJTBBJTIwJTIwJTIwJTIwd2lkdGglM0EzNDBweCUyMWltcG9ydGFudCUzQiUwQSU3RCUwQSU0MG1lZGlhJTIwJTI4bWluLXdpZHRoJTNBJTIwMTIwMHB4JTI5JTIwYW5kJTIwJTI4bWF4LXdpZHRoJTNBJTIwMTUwMHB4JTI5JTdCJTBBJTIwJTIwLmxlZnQlMjBpbWclN0IlMEElMjAlMjAlMjAlMjB3aWR0aCUzQTQwdnclMjFpbXBvcnRhbnQlM0IlMEElMjAlMjAlN0QlMEElMjAlMjAucmlnaHQlMjBpbWclN0IlMEElMjAlMjAlMjAlMjB3aWR0aCUzQTIydnclMjFpbXBvcnRhbnQlM0IlMEElMjAlMjAlN0QlMEElN0QlMEElNDBtZWRpYSUyMCUyOG1pbi13aWR0aCUzQSUyMDk5MnB4JTI5JTIwYW5kJTIwJTI4bWF4LXdpZHRoJTNBJTIwMTIwMHB4JTI5JTIwJTdCJTBBJTIwJTIwLmxlZnQlMjBpbWclN0IlMEElMjAlMjAlMjAlMjB3aWR0aCUzQTQwdnclMjFpbXBvcnRhbnQlM0IlMEElMjAlMjAlN0QlMEElMjAlMjAucmlnaHQlMjBpbWclN0IlMEElMjAlMjAlMjAlMjB3aWR0aCUzQTIydnclMjFpbXBvcnRhbnQlM0IlMEElMjAlMjAlN0QlMEElMjAlMjAubGVmdCUyMC5sZWZ0dGV4dCUyMHAlN0IlMEElMjAlMjAlMjAlMjBmb250LXNpemUlM0ElMjAxM3B4JTNCJTBBJTIwJTIwJTdEJTBBJTdEJTBBJTQwbWVkaWElMjAlMjhtaW4td2lkdGglM0ElMjA3NjhweCUyOSUyMGFuZCUyMCUyOG1heC13aWR0aCUzQSUyMDk5MnB4JTI5JTIwJTdCJTBBJTIwJTIwLmxlZnQlMjBpbWclN0IlMEElMjAlMjAlMjAlMjB3aWR0aCUzQTQwdnclMjFpbXBvcnRhbnQlM0IlMEElMjAlMjAlN0QlMEElMjAlMjAucmlnaHQlMjBpbWclN0IlMEElMjAlMjAlMjAlMjB3aWR0aCUzQTIydnclMjFpbXBvcnRhbnQlM0IlMEElMjAlMjAlN0QlMEElMjAlMjAubGVmdCUyMC5sZWZ0dGV4dCUyMHAlN0IlMEElMjAlMjAlMjAlMjBmb250LXNpemUlM0ElMjA5cHglM0IlMEElMjAlMjAlN0QlMEElN0QlMEElNDBtZWRpYSUyMCUyOG1pbi13aWR0aCUzQSUyMDQ4MHB4JTI5JTIwYW5kJTIwJTI4bWF4LXdpZHRoJTNBJTIwNzY4cHglMjklMjAlN0IlMEElMjAlMjAubW9kdWxlMyU3QiUwQSUyMCUyMCUyMCUyMGRpc3BsYXklM0ElMjBmbGV4JTNCJTBBJTIwJTIwJTIwJTIwZmxleC1kaXJlY3Rpb24lM0ElMjBjb2x1bW4lM0IlMEElMjAlMjAlN0QlMEElMjAlMjAubW9kdWxlMyUyMC5sZWZ0JTJDLm1vZHVsZTMlMjAucmlnaHQlN0IlMEElMDl3aWR0aCUzQSUyMDEwMCUyNSUyMWltcG9ydGFudCUzQiUwQSUyMCUyMCU3RCUwQSUyMCUyMC5sZWZ0JTIwaW1nJTdCJTBBJTIwJTIwJTIwJTIwd2lkdGglM0E5Mi41dnclMjFpbXBvcnRhbnQlM0IlMEElMjAlMjAlN0QlMEElMjAlMjAubGVmdCUyMC5sZWZ0dGV4dCUyMHAlN0IlMEElMjAlMjAlMjAlMjBmb250LXNpemUlM0ElMjAxNXB4JTNCJTBBJTIwJTIwJTdEJTBBJTIwJTIwLnJpZ2h0JTIwaW1nJTdCJTBBJTIwJTIwJTIwJTIwd2lkdGglM0E0NHZ3JTIxaW1wb3J0YW50JTNCJTBBJTIwJTIwJTdEJTBBJTdEJTBBJTQwbWVkaWElMjAlMjhtaW4td2lkdGglM0ElMjAzNjBweCUyOSUyMGFuZCUyMCUyOG1heC13aWR0aCUzQSUyMDQ4MHB4JTI5JTIwJTdCJTBBJTIwJTIwLm1vZHVsZTMlN0IlMEElMjAlMjAlMjAlMjBkaXNwbGF5JTNBJTIwZmxleCUzQiUwQSUyMCUyMCUyMCUyMGZsZXgtZGlyZWN0aW9uJTNBJTIwY29sdW1uJTNCJTBBJTIwJTIwJTdEJTBBJTIwJTIwLm1vZHVsZTMlMjAubGVmdCUyQy5tb2R1bGUzJTIwLnJpZ2h0JTdCJTBBJTA5d2lkdGglM0ElMjAxMDAlMjUlMjFpbXBvcnRhbnQlM0IlMEElMjAlMjAlN0QlMEElMjAlMjAubGVmdCUyMGltZyU3QiUwQSUyMCUyMCUyMCUyMHdpZHRoJTNBOTIuNXZ3JTIxaW1wb3J0YW50JTNCJTBBJTIwJTIwJTdEJTBBJTIwJTIwLmxlZnQlMjAubGVmdHRleHQlMjBwJTdCJTBBJTIwJTIwJTIwJTIwZm9udC1zaXplJTNBJTIwMTJweCUzQiUwQSUyMCUyMCU3RCUwQSUyMCUyMC5yaWdodCUyMC5ybW9kdWxlJTdCJTBBJTIwJTIwJTIwJTIwZGlzcGxheSUzQSUyMGZsZXglM0IlMEElMjAlMjAlMjAlMjBmbGV4LWRpcmVjdGlvbiUzQSUyMGNvbHVtbiUzQiUwQSUyMCUyMCU3RCUwQSUyMCUyMC5yaWdodCUyMGltZyU3QiUwQSUyMCUyMCUyMCUyMHdpZHRoJTNBOTF2dyUyMWltcG9ydGFudCUzQiUwQSUyMCUyMCU3RCUwQSU3RCUwQSU0MG1lZGlhJTIwJTI4bWF4LXdpZHRoJTNBJTIwMzYwcHglMjklMjAlN0IlMEElMjAlMjAubW9kdWxlMyU3QiUwQSUyMCUyMCUyMCUyMGRpc3BsYXklM0ElMjBmbGV4JTNCJTBBJTIwJTIwJTIwJTIwZmxleC1kaXJlY3Rpb24lM0ElMjBjb2x1bW4lM0IlMEElMjAlMjAlN0QlMEElMjAlMjAubW9kdWxlMyUyMC5sZWZ0JTJDLm1vZHVsZTMlMjAucmlnaHQlN0IlMEElMDl3aWR0aCUzQSUyMDEwMCUyNSUyMWltcG9ydGFudCUzQiUwQSUyMCUyMCU3RCUwQSUyMCUyMC5sZWZ0JTIwaW1nJTdCJTBBJTIwJTIwJTIwJTIwd2lkdGglM0E5Mi41dnclMjFpbXBvcnRhbnQlM0IlMEElMjAlMjAlN0QlMEElMjAlMjAubGVmdCUyMC5sZWZ0dGV4dCUyMHAlN0IlMEElMjAlMjAlMjAlMjBmb250LXNpemUlM0ElMjAxMHB4JTNCJTBBJTIwJTIwJTdEJTBBJTIwJTIwLnJpZ2h0JTIwLnJtb2R1bGUlN0IlMEElMjAlMjAlMjAlMjBkaXNwbGF5JTNBJTIwZmxleCUzQiUwQSUyMCUyMCUyMCUyMGZsZXgtZGlyZWN0aW9uJTNBJTIwY29sdW1uJTNCJTBBJTIwJTIwJTdEJTBBJTIwJTIwLnJpZ2h0JTIwaW1nJTdCJTBBJTIwJTIwJTIwJTIwd2lkdGglM0E5MXZ3JTIxaW1wb3J0YW50JTNCJTBBJTIwJTIwJTdEJTBBJTdEJTBBJTNDJTJGc3R5bGUlM0U=[\/vc_raw_html][\/vc_column][\/vc_row]<\/p>\n","protected":false},"excerpt":{"rendered":"<p>[vc_row css=&#8221;.vc_custom_1747104020331{background-position: center !important;background-repeat: no-repeat !important;background-size: cover !important;}&#8221;][vc_column][vc_raw_html]JTVCc2xpZGUtYW55dGhpbmclMjBpZCUzRCUyNzEyNCUyNyU1RA==[\/vc_raw_html][\/vc_column][\/vc_row][vc_row css=&#8221;.vc_custom_1747036671934{background-image: url(http:\/\/www.viadomeio.com\/wp-content\/uploads\/2025\/05\/3.png?id=16) !important;}&#8221;][vc_column][vc_empty_space height=&#8221;50px&#8221;][\/vc_column][\/vc_row][vc_row el_class=&#8221;module3&#8243;][vc_column width=&#8221;1\/2&#8243; el_class=&#8221;left&#8221;][vc_row_inner][vc_column_inner el_class=&#8221;leftsub&#8221; width=&#8221;5\/6&#8243;][vc_column_text] INVERNO DE 2024 [\/vc_column_text][\/vc_column_inner][vc_column_inner width=&#8221;1\/6&#8243;][\/vc_column_inner][\/vc_row_inner][vc_single_image image=&#8221;17&#8243; img_size=&#8221;full&#8221; onclick=&#8221;custom_link&#8221; link=&#8221;https:\/\/www.viadomeio.com\/index.php\/2025\/08\/18\/via-do-meio-8-digital\/&#8221;][vc_empty_space height=&#8221;20px&#8221;][vc_column_text el_class=&#8221;lefttext&#8221;]PENSAMENTO A quest\u00e3o da verdade na filosofia chinesa LI CHENYANG CONFUCIONISMO Os Cl\u00e1ssicos Confucianos ANDR\u00c9 LEVY Os alicerces Moral, indiv\u00edduo e criatividade A fragilidade dos ritos CARLOS MORAIS&hellip;<\/p>\n","protected":false},"author":1,"featured_media":0,"parent":0,"menu_order":0,"comment_status":"closed","ping_status":"closed","template":"","meta":{"footnotes":""},"class_list":["post-10","page","type-page","status-publish","hentry"],"jetpack_sharing_enabled":true,"_links":{"self":[{"href":"https:\/\/www.viadomeio.com\/index.php\/wp-json\/wp\/v2\/pages\/10","targetHints":{"allow":["GET"]}}],"collection":[{"href":"https:\/\/www.viadomeio.com\/index.php\/wp-json\/wp\/v2\/pages"}],"about":[{"href":"https:\/\/www.viadomeio.com\/index.php\/wp-json\/wp\/v2\/types\/page"}],"author":[{"embeddable":true,"href":"https:\/\/www.viadomeio.com\/index.php\/wp-json\/wp\/v2\/users\/1"}],"replies":[{"embeddable":true,"href":"https:\/\/www.viadomeio.com\/index.php\/wp-json\/wp\/v2\/comments?post=10"}],"version-history":[{"count":176,"href":"https:\/\/www.viadomeio.com\/index.php\/wp-json\/wp\/v2\/pages\/10\/revisions"}],"predecessor-version":[{"id":573,"href":"https:\/\/www.viadomeio.com\/index.php\/wp-json\/wp\/v2\/pages\/10\/revisions\/573"}],"wp:attachment":[{"href":"https:\/\/www.viadomeio.com\/index.php\/wp-json\/wp\/v2\/media?parent=10"}],"curies":[{"name":"wp","href":"https:\/\/api.w.org\/{rel}","templated":true}]}}